{"id":1204,"date":"2016-11-15T10:59:09","date_gmt":"2016-11-15T09:59:09","guid":{"rendered":"http:\/\/mendaur.educacion.navarra.es\/web\/es\/?page_id=1204"},"modified":"2016-11-15T12:03:09","modified_gmt":"2016-11-15T11:03:09","slug":"deskarga-gunea","status":"publish","type":"page","link":"https:\/\/mendaur.educacion.navarra.es\/web\/es\/deskarga-gunea\/","title":{"rendered":"Zona de descargas"},"content":{"rendered":"<p>Desde esta p\u00e1gina pod\u00e9is descargar a vuestros ordenadores y dispositivos m\u00f3viles diferentes documentos requeridos a familias y alumnos\/-as a lo largo del curso.<\/p>\n<p><a href=\"http:\/\/mendaur.educacion.navarra.es\/web\/wp-content\/uploads\/2016\/11\/hutsegiteen-egiztapenerako-eredua_cas.pdf\">Modelo de justificaci\u00f3n de faltas<\/a><\/p>\n<p><a href=\"http:\/\/mendaur.educacion.navarra.es\/web\/wp-content\/uploads\/2016\/11\/argazkiak_cas.pdf\">Autorizaci\u00f3n para el uso de im\u00e1genes de alumnos\/-as<\/a><\/p>\n<p><a href=\"http:\/\/mendaur.educacion.navarra.es\/web\/wp-content\/uploads\/2016\/11\/irteerak_gaz.pdf\">Autorizaci\u00f3n para participaci\u00f3n en actividades complementarias fuera del centro<\/a><\/p>\n<!-- AddThis Advanced Settings generic via filter on the_content --><!-- AddThis Share Buttons generic via filter on the_content -->","protected":false},"excerpt":{"rendered":"<p>Desde esta p\u00e1gina pod\u00e9is descargar a vuestros ordenadores y dispositivos m\u00f3viles diferentes documentos requeridos a familias y alumnos\/-as a lo largo del curso. Modelo de justificaci\u00f3n de faltas Autorizaci\u00f3n para el uso de im\u00e1genes de alumnos\/-as Autorizaci\u00f3n para participaci\u00f3n en actividades complementarias fuera del centro<!-- AddThis Advanced Settings generic via filter on get_the_excerpt --><!-- AddThis Share Buttons generic via filter on get_the_excerpt --><\/p>\n","protected":false},"author":1,"featured_media":0,"parent":0,"menu_order":0,"comment_status":"closed","ping_status":"closed","template":"","meta":{"_genesis_hide_title":false,"_genesis_hide_breadcrumbs":false,"_genesis_hide_singular_image":false,"_genesis_hide_footer_widgets":false,"_genesis_custom_body_class":"","_genesis_custom_post_class":"","_genesis_layout":""},"_links":{"self":[{"href":"https:\/\/mendaur.educacion.navarra.es\/web\/es\/wp-json\/wp\/v2\/pages\/1204"}],"collection":[{"href":"https:\/\/mendaur.educacion.navarra.es\/web\/es\/wp-json\/wp\/v2\/pages"}],"about":[{"href":"https:\/\/mendaur.educacion.navarra.es\/web\/es\/wp-json\/wp\/v2\/types\/page"}],"author":[{"embeddable":true,"href":"https:\/\/mendaur.educacion.navarra.es\/web\/es\/wp-json\/wp\/v2\/users\/1"}],"replies":[{"embeddable":true,"href":"https:\/\/mendaur.educacion.navarra.es\/web\/es\/wp-json\/wp\/v2\/comments?post=1204"}],"version-history":[{"count":4,"href":"https:\/\/mendaur.educacion.navarra.es\/web\/es\/wp-json\/wp\/v2\/pages\/1204\/revisions"}],"predecessor-version":[{"id":1215,"href":"https:\/\/mendaur.educacion.navarra.es\/web\/es\/wp-json\/wp\/v2\/pages\/1204\/revisions\/1215"}],"wp:attachment":[{"href":"https:\/\/mendaur.educacion.navarra.es\/web\/es\/wp-json\/wp\/v2\/media?parent=1204"}],"curies":[{"name":"wp","href":"https:\/\/api.w.org\/{rel}","templated":true}]}}