{"id":1961,"date":"2017-10-27T12:01:46","date_gmt":"2017-10-27T10:01:46","guid":{"rendered":"http:\/\/mendaur.educacion.navarra.es\/web\/?page_id=1961"},"modified":"2017-10-27T12:01:54","modified_gmt":"2017-10-27T10:01:54","slug":"protocolo-de-actuacion-ante-agresiones-externas","status":"publish","type":"page","link":"https:\/\/mendaur.educacion.navarra.es\/web\/es\/protocolo-de-actuacion-ante-agresiones-externas\/","title":{"rendered":"Protocolo de actuaci\u00f3n ante agresiones externas"},"content":{"rendered":"<p><strong>PROTOCOLO DE ACTUACI\u00d3N ANTE AGRESIONES EXTERNAS AL PERSONAL DEL DEPARTAMENTO DE EDUCACI\u00d3N<\/strong><\/p>\n<p>El documento abajo enlazado recoge las actuaciones a seguir en caso de que personal adscrito al Departamento de Educaci\u00f3n sea objeto de alguna de las siguientes conductas en el ejercicio de su actividad profesional o como consecuencia directa de la misma, por parte de personas externas a la organizaci\u00f3n (alumnos, ex alumnos, usuarios, padres y madres, etc.).<br \/>\n&#8211; Violencia f\u00edsica<br \/>\n&#8211; Amenazas, insultos o conductas intimidatorias<br \/>\n&#8211; Da\u00f1os materiales<\/p>\n<p><a href=\"http:\/\/mendaur.educacion.navarra.es\/web\/wp-content\/uploads\/2017\/10\/protocolo-agresiones-externas_web.pdf\">Protocolo agresiones externas<\/a><\/p>\n<!-- AddThis Advanced Settings generic via filter on the_content --><!-- AddThis Share Buttons generic via filter on the_content -->","protected":false},"excerpt":{"rendered":"<p>PROTOCOLO DE ACTUACI\u00d3N ANTE AGRESIONES EXTERNAS AL PERSONAL DEL DEPARTAMENTO DE EDUCACI\u00d3N El documento abajo enlazado recoge las actuaciones a seguir en caso de que personal adscrito al Departamento de Educaci\u00f3n sea objeto de alguna de las siguientes conductas en el ejercicio de su actividad profesional o como consecuencia directa de la misma, por parte [&hellip;]<!-- AddThis Advanced Settings generic via filter on get_the_excerpt --><!-- AddThis Share Buttons generic via filter on get_the_excerpt --><\/p>\n","protected":false},"author":1,"featured_media":0,"parent":0,"menu_order":0,"comment_status":"closed","ping_status":"closed","template":"","meta":{"_genesis_hide_title":false,"_genesis_hide_breadcrumbs":false,"_genesis_hide_singular_image":false,"_genesis_hide_footer_widgets":false,"_genesis_custom_body_class":"","_genesis_custom_post_class":"","_genesis_layout":""},"_links":{"self":[{"href":"https:\/\/mendaur.educacion.navarra.es\/web\/es\/wp-json\/wp\/v2\/pages\/1961"}],"collection":[{"href":"https:\/\/mendaur.educacion.navarra.es\/web\/es\/wp-json\/wp\/v2\/pages"}],"about":[{"href":"https:\/\/mendaur.educacion.navarra.es\/web\/es\/wp-json\/wp\/v2\/types\/page"}],"author":[{"embeddable":true,"href":"https:\/\/mendaur.educacion.navarra.es\/web\/es\/wp-json\/wp\/v2\/users\/1"}],"replies":[{"embeddable":true,"href":"https:\/\/mendaur.educacion.navarra.es\/web\/es\/wp-json\/wp\/v2\/comments?post=1961"}],"version-history":[{"count":1,"href":"https:\/\/mendaur.educacion.navarra.es\/web\/es\/wp-json\/wp\/v2\/pages\/1961\/revisions"}],"predecessor-version":[{"id":1964,"href":"https:\/\/mendaur.educacion.navarra.es\/web\/es\/wp-json\/wp\/v2\/pages\/1961\/revisions\/1964"}],"wp:attachment":[{"href":"https:\/\/mendaur.educacion.navarra.es\/web\/es\/wp-json\/wp\/v2\/media?parent=1961"}],"curies":[{"name":"wp","href":"https:\/\/api.w.org\/{rel}","templated":true}]}}