{"id":298,"date":"2016-08-26T10:49:22","date_gmt":"2016-08-26T08:49:22","guid":{"rendered":"http:\/\/mendaur.educacion.navarra.es\/web\/es\/?page_id=298"},"modified":"2020-07-09T14:44:29","modified_gmt":"2020-07-09T12:44:29","slug":"tutoras-3er-curso","status":"publish","type":"page","link":"https:\/\/mendaur.educacion.navarra.es\/web\/es\/tutoras-3er-curso\/","title":{"rendered":"Tutoras 3.er curso"},"content":{"rendered":"<p>A continuaci\u00f3n, os dejamos la informaci\u00f3n relativa al horario en el que madres y padres o tutores legales pod\u00e9is reuniros con las tutoras de 3.er curso.<\/p>\n<ul>\n<li>3.\u00ba ESO A- Eneritz Mitxelena:<\/li>\n<li>3.\u00ba ESO B- Itziar Ciganda:<\/li>\n<\/ul>\n<!-- AddThis Advanced Settings generic via filter on the_content --><!-- AddThis Share Buttons generic via filter on the_content -->","protected":false},"excerpt":{"rendered":"<p>A continuaci\u00f3n, os dejamos la informaci\u00f3n relativa al horario en el que madres y padres o tutores legales pod\u00e9is reuniros con las tutoras de 3.er curso. 3.\u00ba ESO A- Eneritz Mitxelena: 3.\u00ba ESO B- Itziar Ciganda:<!-- AddThis Advanced Settings generic via filter on get_the_excerpt --><!-- AddThis Share Buttons generic via filter on get_the_excerpt --><\/p>\n","protected":false},"author":1,"featured_media":0,"parent":0,"menu_order":0,"comment_status":"closed","ping_status":"closed","template":"","meta":{"_genesis_hide_title":false,"_genesis_hide_breadcrumbs":false,"_genesis_hide_singular_image":false,"_genesis_hide_footer_widgets":false,"_genesis_custom_body_class":"","_genesis_custom_post_class":"","_genesis_layout":""},"_links":{"self":[{"href":"https:\/\/mendaur.educacion.navarra.es\/web\/es\/wp-json\/wp\/v2\/pages\/298"}],"collection":[{"href":"https:\/\/mendaur.educacion.navarra.es\/web\/es\/wp-json\/wp\/v2\/pages"}],"about":[{"href":"https:\/\/mendaur.educacion.navarra.es\/web\/es\/wp-json\/wp\/v2\/types\/page"}],"author":[{"embeddable":true,"href":"https:\/\/mendaur.educacion.navarra.es\/web\/es\/wp-json\/wp\/v2\/users\/1"}],"replies":[{"embeddable":true,"href":"https:\/\/mendaur.educacion.navarra.es\/web\/es\/wp-json\/wp\/v2\/comments?post=298"}],"version-history":[{"count":14,"href":"https:\/\/mendaur.educacion.navarra.es\/web\/es\/wp-json\/wp\/v2\/pages\/298\/revisions"}],"predecessor-version":[{"id":3668,"href":"https:\/\/mendaur.educacion.navarra.es\/web\/es\/wp-json\/wp\/v2\/pages\/298\/revisions\/3668"}],"wp:attachment":[{"href":"https:\/\/mendaur.educacion.navarra.es\/web\/es\/wp-json\/wp\/v2\/media?parent=298"}],"curies":[{"name":"wp","href":"https:\/\/api.w.org\/{rel}","templated":true}]}}