{"id":329,"date":"2016-08-26T11:29:45","date_gmt":"2016-08-26T09:29:45","guid":{"rendered":"http:\/\/mendaur.educacion.navarra.es\/web\/es\/?page_id=329"},"modified":"2020-12-10T10:51:12","modified_gmt":"2020-12-10T09:51:12","slug":"lengua-castellana","status":"publish","type":"page","link":"https:\/\/mendaur.educacion.navarra.es\/web\/es\/lengua-castellana\/","title":{"rendered":"Lengua Castellana"},"content":{"rendered":"<p>Aqu\u00ed ten\u00e9is los enlaces a las \u00abminiprogramaciones\u00bb de la asignatura de Lengua Castellana. En ellas podr\u00e9is encontrar la informaci\u00f3n fundamental referente tanto a los contenidos de cada curso como al sistema de evaluaci\u00f3n y recuperaci\u00f3n de la asignatura.<\/p>\n<p><a href=\"https:\/\/docs.google.com\/document\/d\/1x1P-nmZWkulMGc9S7Fd-zCnsVU96z3ZyyAybphStibo\/edit?usp=sharing\">1.\u00ba ESO, grupo A<\/a><\/p>\n<p><a href=\"https:\/\/docs.google.com\/document\/d\/1u260eC37kzr1RACCiSSyYCpmg_dJwJQxGKEFO6nte2U\/edit?usp=sharing\" target=\"_blank\" rel=\"noopener noreferrer\">1.\u00ba ESO, grupos B y D<\/a><\/p>\n<p><a href=\"https:\/\/docs.google.com\/document\/d\/18EIUtFtnVE8UrB51cEq3uk9AK-O4cUZ9oQVrFRuHrpo\/edit?usp=sharing\" target=\"_blank\" rel=\"noopener noreferrer\">2.\u00ba ESO<\/a><\/p>\n<p><a href=\"https:\/\/docs.google.com\/document\/d\/1d0LGo-9Ng1IeaL4pwMiVYXY67Dg7G4fdMRcwXE3l5nw\/edit?usp=sharing\" target=\"_blank\" rel=\"noopener noreferrer\">3.\u00ba ESO<\/a><\/p>\n<p><a href=\"https:\/\/docs.google.com\/document\/d\/1FHOVILTE0eD3HwAwtbCYT9LFhV-fvXjLPRe9dmd1Tws\/edit?usp=sharing\" target=\"_blank\" rel=\"noopener noreferrer\">4.\u00ba ESO A<\/a><\/p>\n<p><a href=\"https:\/\/docs.google.com\/document\/d\/1SsfLQb2U8kPDvRBef4VmNwKC-d49uviCLKeYlm45M4o\/edit?usp=sharing\" target=\"_blank\" rel=\"noopener noreferrer\">4.\u00ba ESO B<\/a><\/p>\n\n\n<p><\/p>\n<!-- AddThis Advanced Settings generic via filter on the_content --><!-- AddThis Share Buttons generic via filter on the_content -->","protected":false},"excerpt":{"rendered":"<p>Aqu\u00ed ten\u00e9is los enlaces a las \u00abminiprogramaciones\u00bb de la asignatura de Lengua Castellana. En ellas podr\u00e9is encontrar la informaci\u00f3n fundamental referente tanto a los contenidos de cada curso como al sistema de evaluaci\u00f3n y recuperaci\u00f3n de la asignatura. 1.\u00ba ESO, grupo A 1.\u00ba ESO, grupos B y D 2.\u00ba ESO 3.\u00ba ESO 4.\u00ba ESO A [&hellip;]<!-- AddThis Advanced Settings generic via filter on get_the_excerpt --><!-- AddThis Share Buttons generic via filter on get_the_excerpt --><\/p>\n","protected":false},"author":1,"featured_media":0,"parent":0,"menu_order":0,"comment_status":"closed","ping_status":"closed","template":"","meta":{"_genesis_hide_title":false,"_genesis_hide_breadcrumbs":false,"_genesis_hide_singular_image":false,"_genesis_hide_footer_widgets":false,"_genesis_custom_body_class":"","_genesis_custom_post_class":"","_genesis_layout":""},"_links":{"self":[{"href":"https:\/\/mendaur.educacion.navarra.es\/web\/es\/wp-json\/wp\/v2\/pages\/329"}],"collection":[{"href":"https:\/\/mendaur.educacion.navarra.es\/web\/es\/wp-json\/wp\/v2\/pages"}],"about":[{"href":"https:\/\/mendaur.educacion.navarra.es\/web\/es\/wp-json\/wp\/v2\/types\/page"}],"author":[{"embeddable":true,"href":"https:\/\/mendaur.educacion.navarra.es\/web\/es\/wp-json\/wp\/v2\/users\/1"}],"replies":[{"embeddable":true,"href":"https:\/\/mendaur.educacion.navarra.es\/web\/es\/wp-json\/wp\/v2\/comments?post=329"}],"version-history":[{"count":9,"href":"https:\/\/mendaur.educacion.navarra.es\/web\/es\/wp-json\/wp\/v2\/pages\/329\/revisions"}],"predecessor-version":[{"id":3889,"href":"https:\/\/mendaur.educacion.navarra.es\/web\/es\/wp-json\/wp\/v2\/pages\/329\/revisions\/3889"}],"wp:attachment":[{"href":"https:\/\/mendaur.educacion.navarra.es\/web\/es\/wp-json\/wp\/v2\/media?parent=329"}],"curies":[{"name":"wp","href":"https:\/\/api.w.org\/{rel}","templated":true}]}}