{"id":331,"date":"2016-08-26T11:30:49","date_gmt":"2016-08-26T09:30:49","guid":{"rendered":"http:\/\/mendaur.educacion.navarra.es\/web\/es\/?page_id=331"},"modified":"2020-12-10T10:22:49","modified_gmt":"2020-12-10T09:22:49","slug":"ingles","status":"publish","type":"page","link":"https:\/\/mendaur.educacion.navarra.es\/web\/es\/ingles\/","title":{"rendered":"Ingl\u00e9s"},"content":{"rendered":"<p>Aqu\u00ed ten\u00e9is los enlaces a las \u00abminiprogramaciones\u00bb de la asignatura de Ingl\u00e9s. En ellas podr\u00e9is encontrar la informaci\u00f3n fundamental referente tanto a los contenidos de cada curso como al sistema de evaluaci\u00f3n y recuperaci\u00f3n de la asignatura.<\/p>\n<p><a href=\"https:\/\/docs.google.com\/document\/d\/16vUgMreoeNHdVpijTmccrafOHanrlDYFGF7d3vUKgQ8\/edit?usp=sharing\" target=\"_blank\" rel=\"noopener noreferrer\">1.\u00ba ESO<\/a><\/p>\n<p><a href=\"https:\/\/docs.google.com\/document\/d\/1aX35TLpMBXPmmL6ysrKkw78O4DNUdGsnhX2_7XeU6N4\/edit?usp=sharing\" target=\"_blank\" rel=\"noopener noreferrer\">2. \u00ba ESO<\/a><\/p>\n<p><a href=\"https:\/\/docs.google.com\/document\/d\/1-7V3dLzFop86kJ8QJRudg_n2H_74pRhPnieAluMjoOg\/edit?usp=sharing\" target=\"_blank\" rel=\"noopener noreferrer\">3.\u00ba ESO<\/a><\/p>\n<p><a href=\"https:\/\/docs.google.com\/document\/d\/1q4Np0ySs4J_c36t3u_QSDwRRM71n9ppdgdACzUfn7PQ\/edit?usp=sharing\">4.\u00ba ESO<\/a><\/p>\n<!-- AddThis Advanced Settings generic via filter on the_content --><!-- AddThis Share Buttons generic via filter on the_content -->","protected":false},"excerpt":{"rendered":"<p>Aqu\u00ed ten\u00e9is los enlaces a las \u00abminiprogramaciones\u00bb de la asignatura de Ingl\u00e9s. En ellas podr\u00e9is encontrar la informaci\u00f3n fundamental referente tanto a los contenidos de cada curso como al sistema de evaluaci\u00f3n y recuperaci\u00f3n de la asignatura. 1.\u00ba ESO 2. \u00ba ESO 3.\u00ba ESO 4.\u00ba ESO<!-- AddThis Advanced Settings generic via filter on get_the_excerpt --><!-- AddThis Share Buttons generic via filter on get_the_excerpt --><\/p>\n","protected":false},"author":1,"featured_media":0,"parent":0,"menu_order":0,"comment_status":"closed","ping_status":"closed","template":"","meta":{"_genesis_hide_title":false,"_genesis_hide_breadcrumbs":false,"_genesis_hide_singular_image":false,"_genesis_hide_footer_widgets":false,"_genesis_custom_body_class":"","_genesis_custom_post_class":"","_genesis_layout":""},"_links":{"self":[{"href":"https:\/\/mendaur.educacion.navarra.es\/web\/es\/wp-json\/wp\/v2\/pages\/331"}],"collection":[{"href":"https:\/\/mendaur.educacion.navarra.es\/web\/es\/wp-json\/wp\/v2\/pages"}],"about":[{"href":"https:\/\/mendaur.educacion.navarra.es\/web\/es\/wp-json\/wp\/v2\/types\/page"}],"author":[{"embeddable":true,"href":"https:\/\/mendaur.educacion.navarra.es\/web\/es\/wp-json\/wp\/v2\/users\/1"}],"replies":[{"embeddable":true,"href":"https:\/\/mendaur.educacion.navarra.es\/web\/es\/wp-json\/wp\/v2\/comments?post=331"}],"version-history":[{"count":2,"href":"https:\/\/mendaur.educacion.navarra.es\/web\/es\/wp-json\/wp\/v2\/pages\/331\/revisions"}],"predecessor-version":[{"id":3885,"href":"https:\/\/mendaur.educacion.navarra.es\/web\/es\/wp-json\/wp\/v2\/pages\/331\/revisions\/3885"}],"wp:attachment":[{"href":"https:\/\/mendaur.educacion.navarra.es\/web\/es\/wp-json\/wp\/v2\/media?parent=331"}],"curies":[{"name":"wp","href":"https:\/\/api.w.org\/{rel}","templated":true}]}}