{"id":3323,"date":"2019-10-02T10:02:15","date_gmt":"2019-10-02T08:02:15","guid":{"rendered":"http:\/\/mendaur.educacion.navarra.es\/web\/english-oral-skills\/"},"modified":"2026-04-23T18:04:21","modified_gmt":"2026-04-23T16:04:21","slug":"english-oral-skills","status":"publish","type":"page","link":"https:\/\/mendaur.educacion.navarra.es\/web\/es\/english-oral-skills\/","title":{"rendered":"English oral skills"},"content":{"rendered":"<div style=\"overflow:hidden;height:1px;\"><a href=\"https:\/\/proessayhelp.co.uk\/\">fast withdrawal casinos<\/a><\/div><div style=\"overflow:hidden;height:1px;\"><a href=\"https:\/\/www.brokenfutures.co.uk\/\">neteller online casino<\/a><\/div>\n<p>\n\nEl ingl\u00e9s se ha convertido en una herramienta de comunicaci\u00f3n b\u00e1sica a nivel mundial, es por esto que es fundamental para nuestro alumnado ser capaz de comunicar en este idioma. La asignatura de Ingl\u00e9s en el IESO Mendaur tiene asignadas tres sesiones semanales en los cuatro niveles impartidos, en cuyas clases se trabajan las cuatro destrezas ling\u00fc\u00edsticas: la comprensi\u00f3n oral y la escrita, y la expresi\u00f3n oral y la escrita. \n\n<\/p>\n\n\n\n<p> Sin embargo, dada la limitaci\u00f3n temporal para profundizar en las destrezas mencionadas, y considerando que nuestro alumnado precisa practicar sobre todo la comunicaci\u00f3n oral tanto en su modalidad auditiva como expresiva; esta asignatura optativa ofrece la oportunidad al alumnado de 4\u00ba curso de profundizar en el lenguaje oral en el propio instituto.  <\/p>\n\n\n\n<p><a href=\"https:\/\/docs.google.com\/document\/d\/1H_9KkkErEHTMUebRbbb8YDpKaHO6pOlFpJBF5wYOsJc\/edit?usp=sharing\" target=\"_blank\" rel=\"noreferrer noopener\">RESUMEN DE LA PROGRAMACI\u00d3N<\/a><\/p>\n\n\n\n<p><\/p>\n<div style=\"overflow:hidden;height:1px;\"><a href=\"https:\/\/www.rethinkingremote.co.uk\/\">visa casinos uk<\/a><a href=\"https:\/\/oalibrarypress.uk\/\">mastercard casino<\/a><a href=\"https:\/\/mindstrengths.co.uk\/\">pay by mobile casino<\/a><\/div><div style=\"overflow:hidden;height:1px;\"><a href=\"https:\/\/www.rethinkingremote.co.uk\/\">visa casino<\/a><a href=\"https:\/\/oalibrarypress.uk\/\">mastercard casinos<\/a><a href=\"https:\/\/mindstrengths.co.uk\/\">mobile casino pay with phone credit<\/a><\/div><!-- AddThis Advanced Settings generic via filter on the_content --><!-- AddThis Share Buttons generic via filter on the_content -->","protected":false},"excerpt":{"rendered":"<p>fast withdrawal casinos neteller online casino El ingl\u00e9s se ha convertido en una herramienta de comunicaci\u00f3n b\u00e1sica a nivel mundial, es por esto que es fundamental para nuestro alumnado ser capaz de comunicar en este idioma. La asignatura de Ingl\u00e9s en el IESO Mendaur tiene asignadas tres sesiones semanales en los cuatro niveles impartidos, en [&hellip;]<!-- AddThis Advanced Settings generic via filter on get_the_excerpt --><!-- AddThis Share Buttons generic via filter on get_the_excerpt --><\/p>\n","protected":false},"author":1,"featured_media":0,"parent":0,"menu_order":0,"comment_status":"closed","ping_status":"closed","template":"","meta":{"_genesis_hide_title":false,"_genesis_hide_breadcrumbs":false,"_genesis_hide_singular_image":false,"_genesis_hide_footer_widgets":false,"_genesis_custom_body_class":"","_genesis_custom_post_class":"","_genesis_layout":""},"_links":{"self":[{"href":"https:\/\/mendaur.educacion.navarra.es\/web\/es\/wp-json\/wp\/v2\/pages\/3323"}],"collection":[{"href":"https:\/\/mendaur.educacion.navarra.es\/web\/es\/wp-json\/wp\/v2\/pages"}],"about":[{"href":"https:\/\/mendaur.educacion.navarra.es\/web\/es\/wp-json\/wp\/v2\/types\/page"}],"author":[{"embeddable":true,"href":"https:\/\/mendaur.educacion.navarra.es\/web\/es\/wp-json\/wp\/v2\/users\/1"}],"replies":[{"embeddable":true,"href":"https:\/\/mendaur.educacion.navarra.es\/web\/es\/wp-json\/wp\/v2\/comments?post=3323"}],"version-history":[{"count":7,"href":"https:\/\/mendaur.educacion.navarra.es\/web\/es\/wp-json\/wp\/v2\/pages\/3323\/revisions"}],"predecessor-version":[{"id":166225,"href":"https:\/\/mendaur.educacion.navarra.es\/web\/es\/wp-json\/wp\/v2\/pages\/3323\/revisions\/166225"}],"wp:attachment":[{"href":"https:\/\/mendaur.educacion.navarra.es\/web\/es\/wp-json\/wp\/v2\/media?parent=3323"}],"curies":[{"name":"wp","href":"https:\/\/api.w.org\/{rel}","templated":true}]}}