{"id":394,"date":"2016-08-27T11:51:59","date_gmt":"2016-08-27T09:51:59","guid":{"rendered":"http:\/\/mendaur.educacion.navarra.es\/web\/es\/?page_id=394"},"modified":"2018-08-31T12:30:13","modified_gmt":"2018-08-31T10:30:13","slug":"reglamento-interno","status":"publish","type":"page","link":"https:\/\/mendaur.educacion.navarra.es\/web\/es\/reglamento-interno\/","title":{"rendered":"Normas generales"},"content":{"rendered":"<p><strong>Principios generales de los derechos y de los deberes del alumnado.<\/strong><\/p>\n<ol>\n<li>Todos los alumnos y alumnas tienen los mismos deberes y los mismos derechos, sin m\u00e1s distinciones que las concreciones derivadas de su edad.<\/li>\n<li>Durante su escolarizaci\u00f3n, el alumno o alumna deber\u00e1 asumir responsablemente sus deberes y deber\u00e1 conocer y ejercitar sus derechos en el respeto a las dem\u00e1s personas, siendo dicha responsabilidad uno de los principales referentes del presente Decreto Foral.<\/li>\n<li>Con el fin de formarse en los valores y principios reconocidos en la Constituci\u00f3n Espa\u00f1ola y en la Ley Org\u00e1nica 13\/1982, de 10 de agosto, de Reintegraci\u00f3n y Amejoramiento del R\u00e9gimen Foral de Navarra, los alumnos y las alumnas tienen el derecho de conocerlas y el deber de respetarlas.<\/li>\n<li>El ejercicio de un derecho, de forma individual o colectiva, implica el deber correlativo de respeto a los derechos de los dem\u00e1s.<\/li>\n<li>La direcci\u00f3n, el profesorado y el resto de miembros de la comunidad educativa deben garantizar el ejercicio de estos derechos y deberes en el contexto adecuado.<\/li>\n<\/ol>\n<p><strong>Derechos del alumnado.<\/strong><\/p>\n<ol>\n<li>A recibir una formaci\u00f3n en el respeto a los derechos y libertades fundamentales y en los principios democr\u00e1ticos de convivencia.<\/li>\n<li>A recibir una formaci\u00f3n integral que contribuya al pleno desarrollo de su personalidad.<\/li>\n<li>Los alumnos y las alumnas tienen derecho a que se respete su identidad, integridad y dignidad personales, as\u00ed como su libertad de conciencia y sus convicciones religiosas y morales, derechos reconocidos en la Declaraci\u00f3n Universal de los Derechos Humanos adoptada por la Asamblea General de las Naciones Unidas en su Resoluci\u00f3n 217 A (III), de 10 de diciembre de 1948 y en la Constituci\u00f3n Espa\u00f1ola.<\/li>\n<li>A ser valorado o valorada con objetividad. Los alumnos y las alumnas tienen derecho a que su dedicaci\u00f3n, esfuerzo y rendimiento sean valorados con objetividad. El alumnado y, en su caso, los padres, madres o representantes legales, podr\u00e1n presentar reclamaciones escritas ante la Direcci\u00f3n del Centro sobre las decisiones adoptadas y calificaciones obtenidas, tanto en las evaluaciones parciales como en las finales.<\/li>\n<li>A participar en la vida del centro. Todos los alumnos y las alumnas tienen derecho a participar en la vida del centro, tanto individual como colectivamente, en las condiciones establecidas por el mismo.<\/li>\n<li>Todos los alumnos y las alumnas tienen derecho a la protecci\u00f3n social, a la igualdad de oportunidades y a la inclusi\u00f3n en el \u00e1mbito educativo dentro del marco legislativo vigente.<\/li>\n<li>Todos los alumnos y alumnas tienen derecho a la protecci\u00f3n y promoci\u00f3n de su salud.<\/li>\n<li>A que la educaci\u00f3n recibida incorpore los objetivos de igualdad de derechos y oportunidades entre mujeres y hombres.<\/li>\n<\/ol>\n<p><strong>Deberes del alumnado.<\/strong><\/p>\n<ol>\n<li>Estudiar, deber fundamental de los alumnos y las alumnas.<\/li>\n<li>Respetar la labor educativa y la autoridad del profesorado y de la direcci\u00f3n, as\u00ed como seguir las indicaciones de otros agentes de la comunidad educativa o que presten sus servicios a la misma.<\/li>\n<li>Participaci\u00f3n y colaboraci\u00f3n de manera positiva en la mejora de la convivencia escolar y en la consecuci\u00f3n de un adecuado clima de estudio, tanto en el aula como en el centro.<\/li>\n<li>Respetar a las personas.<\/li>\n<li>Asistir al centro educativo con la vestimenta y la higiene personal adecuadas.<\/li>\n<li>Conservar y utilizar adecuadamente las instalaciones, equipamiento, mobiliario y materiales del centro, as\u00ed como de su entorno y del transporte escolar.<\/li>\n<\/ol>\n<p>Cuando no se cumpla la normativa general, el centro aplicar\u00e1 el\u00a0<a href=\"http:\/\/mendaur.educacion.navarra.es\/web\/wp-content\/uploads\/2018\/08\/REGLAMENTO-CONVIVENCIA_cas.pdf\">REGLAMENTO de CONVIVENCIA.<\/a><\/p>\n<!-- AddThis Advanced Settings generic via filter on the_content --><!-- AddThis Share Buttons generic via filter on the_content -->","protected":false},"excerpt":{"rendered":"<p>Principios generales de los derechos y de los deberes del alumnado. Todos los alumnos y alumnas tienen los mismos deberes y los mismos derechos, sin m\u00e1s distinciones que las concreciones derivadas de su edad. Durante su escolarizaci\u00f3n, el alumno o alumna deber\u00e1 asumir responsablemente sus deberes y deber\u00e1 conocer y ejercitar sus derechos en el [&hellip;]<!-- AddThis Advanced Settings generic via filter on get_the_excerpt --><!-- AddThis Share Buttons generic via filter on get_the_excerpt --><\/p>\n","protected":false},"author":1,"featured_media":0,"parent":0,"menu_order":0,"comment_status":"closed","ping_status":"closed","template":"","meta":{"_genesis_hide_title":false,"_genesis_hide_breadcrumbs":false,"_genesis_hide_singular_image":false,"_genesis_hide_footer_widgets":false,"_genesis_custom_body_class":"","_genesis_custom_post_class":"","_genesis_layout":""},"_links":{"self":[{"href":"https:\/\/mendaur.educacion.navarra.es\/web\/es\/wp-json\/wp\/v2\/pages\/394"}],"collection":[{"href":"https:\/\/mendaur.educacion.navarra.es\/web\/es\/wp-json\/wp\/v2\/pages"}],"about":[{"href":"https:\/\/mendaur.educacion.navarra.es\/web\/es\/wp-json\/wp\/v2\/types\/page"}],"author":[{"embeddable":true,"href":"https:\/\/mendaur.educacion.navarra.es\/web\/es\/wp-json\/wp\/v2\/users\/1"}],"replies":[{"embeddable":true,"href":"https:\/\/mendaur.educacion.navarra.es\/web\/es\/wp-json\/wp\/v2\/comments?post=394"}],"version-history":[{"count":6,"href":"https:\/\/mendaur.educacion.navarra.es\/web\/es\/wp-json\/wp\/v2\/pages\/394\/revisions"}],"predecessor-version":[{"id":2223,"href":"https:\/\/mendaur.educacion.navarra.es\/web\/es\/wp-json\/wp\/v2\/pages\/394\/revisions\/2223"}],"wp:attachment":[{"href":"https:\/\/mendaur.educacion.navarra.es\/web\/es\/wp-json\/wp\/v2\/media?parent=394"}],"curies":[{"name":"wp","href":"https:\/\/api.w.org\/{rel}","templated":true}]}}