{"id":418,"date":"2016-08-29T15:34:35","date_gmt":"2016-08-29T13:34:35","guid":{"rendered":"http:\/\/mendaur.educacion.navarra.es\/web\/es\/?page_id=418"},"modified":"2017-07-21T10:26:27","modified_gmt":"2017-07-21T08:26:27","slug":"oferta-educativa","status":"publish","type":"page","link":"https:\/\/mendaur.educacion.navarra.es\/web\/es\/oferta-educativa\/","title":{"rendered":"Oferta educativa"},"content":{"rendered":"<p>IESO Mendaur\u00a0es un centro p\u00fablico en el que pueden cursarse estudios de Ense\u00f1anza Secundaria Obligatoria (ESO). Se trata de un instituto de modelo D, es decir, el euskara es la lengua vehicular utilizada en el proceso educativo.<\/p>\n<div>El curr\u00edculo de 1\u00ba a 4\u00ba de ESO consta de 30 sesiones semanales: 6 diarias en septiembre y junio; y de octubre a mayo a raz\u00f3n de 7 sesiones los lunes y jueves, 6 los martes y viernes, y 4 los mi\u00e9rcoles.<\/div>\n<div><\/div>\n<div>Cabe se\u00f1alar que, a excepci\u00f3n de los meses de septiembre y junio en los que el horario es intensivo, las sesiones se distribuyen en horario de ma\u00f1ana y tarde, con un descanso de una hora para comer. De ah\u00ed que el centro ofrezca servicio de comedor tanto para el alumnado como para los y las docentes.<\/div>\n<p>&nbsp;<\/p>\n<!-- AddThis Advanced Settings generic via filter on the_content --><!-- AddThis Share Buttons generic via filter on the_content -->","protected":false},"excerpt":{"rendered":"<p>IESO Mendaur\u00a0es un centro p\u00fablico en el que pueden cursarse estudios de Ense\u00f1anza Secundaria Obligatoria (ESO). Se trata de un instituto de modelo D, es decir, el euskara es la lengua vehicular utilizada en el proceso educativo. El curr\u00edculo de 1\u00ba a 4\u00ba de ESO consta de 30 sesiones semanales: 6 diarias en septiembre y [&hellip;]<!-- AddThis Advanced Settings generic via filter on get_the_excerpt --><!-- AddThis Share Buttons generic via filter on get_the_excerpt --><\/p>\n","protected":false},"author":1,"featured_media":0,"parent":0,"menu_order":0,"comment_status":"closed","ping_status":"closed","template":"","meta":{"_genesis_hide_title":false,"_genesis_hide_breadcrumbs":false,"_genesis_hide_singular_image":false,"_genesis_hide_footer_widgets":false,"_genesis_custom_body_class":"","_genesis_custom_post_class":"","_genesis_layout":""},"_links":{"self":[{"href":"https:\/\/mendaur.educacion.navarra.es\/web\/es\/wp-json\/wp\/v2\/pages\/418"}],"collection":[{"href":"https:\/\/mendaur.educacion.navarra.es\/web\/es\/wp-json\/wp\/v2\/pages"}],"about":[{"href":"https:\/\/mendaur.educacion.navarra.es\/web\/es\/wp-json\/wp\/v2\/types\/page"}],"author":[{"embeddable":true,"href":"https:\/\/mendaur.educacion.navarra.es\/web\/es\/wp-json\/wp\/v2\/users\/1"}],"replies":[{"embeddable":true,"href":"https:\/\/mendaur.educacion.navarra.es\/web\/es\/wp-json\/wp\/v2\/comments?post=418"}],"version-history":[{"count":3,"href":"https:\/\/mendaur.educacion.navarra.es\/web\/es\/wp-json\/wp\/v2\/pages\/418\/revisions"}],"predecessor-version":[{"id":1784,"href":"https:\/\/mendaur.educacion.navarra.es\/web\/es\/wp-json\/wp\/v2\/pages\/418\/revisions\/1784"}],"wp:attachment":[{"href":"https:\/\/mendaur.educacion.navarra.es\/web\/es\/wp-json\/wp\/v2\/media?parent=418"}],"curies":[{"name":"wp","href":"https:\/\/api.w.org\/{rel}","templated":true}]}}