{"id":533,"date":"2016-08-30T15:43:50","date_gmt":"2016-08-30T13:43:50","guid":{"rendered":"http:\/\/mendaur.educacion.navarra.es\/web\/es\/?page_id=533"},"modified":"2017-07-19T13:54:15","modified_gmt":"2017-07-19T11:54:15","slug":"comedor","status":"publish","type":"page","link":"https:\/\/mendaur.educacion.navarra.es\/web\/es\/comedor\/","title":{"rendered":"Comedor"},"content":{"rendered":"<p>El comedor escolar es un servicio educativo complementario que se establece por necesidades de escolarizaci\u00f3n del alumnado en jornada de ma\u00f1ana y tarde. En consecuencia, s\u00f3lo funciona los d\u00edas de jornada partida; es decir, los lunes, martes, jueves y viernes durante los meses comprendidos entre octubre y mayo.<\/p>\n<p>A partir del curso 2016\/2017, el servicio de comedor lo ofrece la empresa <a href=\"http:\/\/www.ausolan.com\/es\/home\">Ausolan S. Coop.<\/a> Pod\u00e9is consultar el men\u00fa mes a mes en la parte inferior de este sitio web.<\/p>\n<!-- AddThis Advanced Settings generic via filter on the_content --><!-- AddThis Share Buttons generic via filter on the_content -->","protected":false},"excerpt":{"rendered":"<p>El comedor escolar es un servicio educativo complementario que se establece por necesidades de escolarizaci\u00f3n del alumnado en jornada de ma\u00f1ana y tarde. En consecuencia, s\u00f3lo funciona los d\u00edas de jornada partida; es decir, los lunes, martes, jueves y viernes durante los meses comprendidos entre octubre y mayo. A partir del curso 2016\/2017, el servicio [&hellip;]<!-- AddThis Advanced Settings generic via filter on get_the_excerpt --><!-- AddThis Share Buttons generic via filter on get_the_excerpt --><\/p>\n","protected":false},"author":1,"featured_media":0,"parent":0,"menu_order":0,"comment_status":"closed","ping_status":"closed","template":"","meta":{"_genesis_hide_title":false,"_genesis_hide_breadcrumbs":false,"_genesis_hide_singular_image":false,"_genesis_hide_footer_widgets":false,"_genesis_custom_body_class":"","_genesis_custom_post_class":"","_genesis_layout":""},"_links":{"self":[{"href":"https:\/\/mendaur.educacion.navarra.es\/web\/es\/wp-json\/wp\/v2\/pages\/533"}],"collection":[{"href":"https:\/\/mendaur.educacion.navarra.es\/web\/es\/wp-json\/wp\/v2\/pages"}],"about":[{"href":"https:\/\/mendaur.educacion.navarra.es\/web\/es\/wp-json\/wp\/v2\/types\/page"}],"author":[{"embeddable":true,"href":"https:\/\/mendaur.educacion.navarra.es\/web\/es\/wp-json\/wp\/v2\/users\/1"}],"replies":[{"embeddable":true,"href":"https:\/\/mendaur.educacion.navarra.es\/web\/es\/wp-json\/wp\/v2\/comments?post=533"}],"version-history":[{"count":4,"href":"https:\/\/mendaur.educacion.navarra.es\/web\/es\/wp-json\/wp\/v2\/pages\/533\/revisions"}],"predecessor-version":[{"id":1684,"href":"https:\/\/mendaur.educacion.navarra.es\/web\/es\/wp-json\/wp\/v2\/pages\/533\/revisions\/1684"}],"wp:attachment":[{"href":"https:\/\/mendaur.educacion.navarra.es\/web\/es\/wp-json\/wp\/v2\/media?parent=533"}],"curies":[{"name":"wp","href":"https:\/\/api.w.org\/{rel}","templated":true}]}}