{"id":624,"date":"2016-09-04T10:43:11","date_gmt":"2016-09-04T08:43:11","guid":{"rendered":"http:\/\/mendaur.educacion.navarra.es\/web\/es\/?page_id=624"},"modified":"2020-12-09T13:56:02","modified_gmt":"2020-12-09T12:56:02","slug":"biologiageologia","status":"publish","type":"page","link":"https:\/\/mendaur.educacion.navarra.es\/web\/es\/biologiageologia\/","title":{"rendered":"Biolog\u00eda-Geolog\u00eda"},"content":{"rendered":"<p align=\"left\">Los objetivos de la asignatura ser\u00edan los siguientes: por un lado, comprender y utilizar las estrategias y los conceptos b\u00e1sicos de las Ciencias de la Naturaleza para interpretar los fen\u00f3menos naturales y los desarrollos tecnocient\u00edficos, para analizar y valorar las repercusiones de sus aplicaciones. Por otro lado comprender y expresar mensajes con contenido cient\u00edfico utilizando el lenguaje oral y escrito con propiedad. Y por \u00faltimo conocer y valorar las interacciones de la ciencia y la tecnolog\u00eda con la sociedad y el medio ambiente.<\/p>\n<p align=\"left\">Para lograr esos objetivos se llevar\u00e1n a cabo pr\u00e1cticas tanto en el laboratorio como en el aula de inform\u00e1tica. Los criterios cient\u00edficos se conseguir\u00e1n con el trabajo diario en el aula.<\/p>\n<p align=\"left\">La asignatura se divide en dos partes: Biolog\u00eda por un lado y Geolog\u00eda por otro.<\/p>\n<p align=\"left\"><span style=\"text-decoration: underline;\"><strong>PROGRAMACIONES DID\u00c1CTICAS\u00a0<\/strong><\/span><\/p>\n<p align=\"left\"><a href=\"https:\/\/docs.google.com\/document\/d\/1bOdsDWjnNVupxZtMNDLRKdwpBP_P_ootB1QcpJf1yLs\/edit?usp=sharing\" target=\"_blank\" rel=\"noopener noreferrer\">1.\u00ba ESO<\/a><\/p>\n<p align=\"left\"><a href=\"https:\/\/docs.google.com\/document\/d\/1bsy4kRecOcsTefVosUWYizDbAPy_f-tI-ylDEYKkchQ\/edit?usp=sharing\" target=\"_blank\" rel=\"noopener noreferrer\">3.\u00ba ESO<\/a><\/p>\n<p align=\"left\"><a href=\"https:\/\/docs.google.com\/document\/d\/1-c8XPRp9Sp0YYc296y7iDtSJnyuTEEZJ51Kh2IcnDug\/edit?usp=sharing\" target=\"_blank\" rel=\"noopener noreferrer\">4.\u00ba ESO<\/a><\/p>\n<!-- AddThis Advanced Settings generic via filter on the_content --><!-- AddThis Share Buttons generic via filter on the_content -->","protected":false},"excerpt":{"rendered":"<p>Los objetivos de la asignatura ser\u00edan los siguientes: por un lado, comprender y utilizar las estrategias y los conceptos b\u00e1sicos de las Ciencias de la Naturaleza para interpretar los fen\u00f3menos naturales y los desarrollos tecnocient\u00edficos, para analizar y valorar las repercusiones de sus aplicaciones. Por otro lado comprender y expresar mensajes con contenido cient\u00edfico utilizando [&hellip;]<!-- AddThis Advanced Settings generic via filter on get_the_excerpt --><!-- AddThis Share Buttons generic via filter on get_the_excerpt --><\/p>\n","protected":false},"author":1,"featured_media":0,"parent":0,"menu_order":0,"comment_status":"closed","ping_status":"closed","template":"","meta":{"_genesis_hide_title":false,"_genesis_hide_breadcrumbs":false,"_genesis_hide_singular_image":false,"_genesis_hide_footer_widgets":false,"_genesis_custom_body_class":"","_genesis_custom_post_class":"","_genesis_layout":""},"_links":{"self":[{"href":"https:\/\/mendaur.educacion.navarra.es\/web\/es\/wp-json\/wp\/v2\/pages\/624"}],"collection":[{"href":"https:\/\/mendaur.educacion.navarra.es\/web\/es\/wp-json\/wp\/v2\/pages"}],"about":[{"href":"https:\/\/mendaur.educacion.navarra.es\/web\/es\/wp-json\/wp\/v2\/types\/page"}],"author":[{"embeddable":true,"href":"https:\/\/mendaur.educacion.navarra.es\/web\/es\/wp-json\/wp\/v2\/users\/1"}],"replies":[{"embeddable":true,"href":"https:\/\/mendaur.educacion.navarra.es\/web\/es\/wp-json\/wp\/v2\/comments?post=624"}],"version-history":[{"count":6,"href":"https:\/\/mendaur.educacion.navarra.es\/web\/es\/wp-json\/wp\/v2\/pages\/624\/revisions"}],"predecessor-version":[{"id":3868,"href":"https:\/\/mendaur.educacion.navarra.es\/web\/es\/wp-json\/wp\/v2\/pages\/624\/revisions\/3868"}],"wp:attachment":[{"href":"https:\/\/mendaur.educacion.navarra.es\/web\/es\/wp-json\/wp\/v2\/media?parent=624"}],"curies":[{"name":"wp","href":"https:\/\/api.w.org\/{rel}","templated":true}]}}