{"id":746,"date":"2016-09-07T12:57:12","date_gmt":"2016-09-07T10:57:12","guid":{"rendered":"http:\/\/mendaur.educacion.navarra.es\/web\/es\/?page_id=746"},"modified":"2020-11-12T10:49:37","modified_gmt":"2020-11-12T09:49:37","slug":"frances","status":"publish","type":"page","link":"https:\/\/mendaur.educacion.navarra.es\/web\/es\/frances\/","title":{"rendered":"Franc\u00e9s"},"content":{"rendered":"<p class=\"western\" align=\"justify\"><span style=\"font-size: small;\"><span style=\"font-size: medium;\">El objetivo de esta asignatura es lograr que el alumnado sea capaz de <\/span><span style=\"font-size: medium;\">comunicarse en<\/span> <span style=\"font-size: medium;\">franc\u00e9s,<\/span><span style=\"font-size: medium;\"> a nivel escrito y sobre todo a nivel oral, teniendo en consideraci\u00f3n la importancia de los idiomas a la hora de buscar un empleo, viajar, realizar estudios, pr\u00e1cticas e incluso trabajar en el extranjero, \u2026<\/span><\/span><\/p>\n<p class=\"western\" align=\"justify\"><span style=\"font-size: small;\"><span style=\"font-size: medium;\">Adem\u00e1s, vivimos muy <\/span><span style=\"font-size: medium;\">cerca de la frontera con Francia<\/span><span style=\"font-size: medium;\"> y con frecuencia nos desplazamos all\u00ed; hay tambi\u00e9n mucha gente que utiliza el franc\u00e9s para trabajar<\/span><span style=\"font-size: medium;\">.<\/span><\/span><\/p>\n<p class=\"western\" align=\"justify\"><span style=\"font-size: small;\"><span style=\"font-size: medium;\">Tambi\u00e9n hay que tener en cuenta que en Europa Occidental, en Estados Unidos y en otros pa\u00edses \u201cavanzados\u201c los y las alumnas aprenden al menos dos idiomas extranjeros.<\/span><\/span><\/p>\n<p class=\"western\" align=\"justify\"><span style=\"font-size: small;\"><span style=\"font-size: medium;\">Por \u00faltimo, comentar que el centro est\u00e1 dentro del proyecto \u201c<\/span><span style=\"font-size: medium;\">Secciones biling\u00fces<\/span><span style=\"font-size: medium;\">\u201d, mediante el cual el alumnado matriculado en la asignatura puede cursar\u00a0 dos asignaturas en franc\u00e9s.<\/span><\/span><\/p>\n<p class=\"western\" align=\"justify\"><span style=\"font-size: medium;\">Ser\u00e1 obligatorio seguir con esta asignatura durante los 4 cursos de la ESO.<\/span><\/p>\n<p align=\"justify\">DOCUMENTOS RESUMEN DE LA PROGRAMACI\u00d3N DID\u00c1CTICA<\/p>\n<p align=\"justify\"><a href=\"https:\/\/docs.google.com\/document\/d\/1Ho11a5aWmviQGuTrsRIsboXA_3EAVzcGr2f9j1EUN7Q\/edit?usp=sharing\" target=\"_blank\" rel=\"noopener noreferrer\">1.\u00ba ESO (Marta)<\/a><\/p>\n<p align=\"justify\"><a href=\"https:\/\/docs.google.com\/document\/d\/1Ol_U9J2fJo2Mof0cdXzMOceHQkkC2X0qhElxfW8ckns\/edit?usp=sharing\" target=\"_blank\" rel=\"noopener noreferrer\">1.\u00ba ESO (Iban)<\/a><\/p>\n<p align=\"justify\"><a href=\"https:\/\/docs.google.com\/document\/d\/1RHk6Fuo-hlOzwV7qW3q6s4tbGVzmNm6j_ITMN1ADyus\/edit?usp=sharing\" target=\"_blank\" rel=\"noopener noreferrer\">2.\u00ba ESO (Marta)<\/a><\/p>\n<p align=\"justify\"><a href=\"https:\/\/docs.google.com\/document\/d\/1Xks6_9GgyH8vFFVRlCaIo7f29_nskyBqpIWRLYRE64I\/edit?usp=sharing\" target=\"_blank\" rel=\"noopener noreferrer\">2.\u00ba ESO (Iban)<\/a><\/p>\n<p align=\"justify\"><a href=\"https:\/\/docs.google.com\/document\/d\/1gdEzFrwMMpPGDbdzy7-wxMmjwkUr93xMQ3gQnaR594s\/edit?usp=sharing\" target=\"_blank\" rel=\"noopener noreferrer\">3.\u00ba ESO (Marta)<\/a><\/p>\n<p align=\"justify\"><a href=\"https:\/\/docs.google.com\/document\/d\/1iBIz_RdyZYUenZy-VW15pRNSAEVf0GQiNwu5c_uyY2g\/edit?usp=sharing\" target=\"_blank\" rel=\"noopener noreferrer\">3.\u00ba ESO (Iban)<\/a><\/p>\n<p align=\"justify\"><a href=\"https:\/\/docs.google.com\/document\/d\/1Z5tGg03Q0jPeCkLtCI2EfajcWNeC0eGpmd2TZTSci7Q\/edit?usp=sharing\" target=\"_blank\" rel=\"noopener noreferrer\">4.\u00ba ESO (Marta)<\/a><\/p>\n<!-- AddThis Advanced Settings generic via filter on the_content --><!-- AddThis Share Buttons generic via filter on the_content -->","protected":false},"excerpt":{"rendered":"<p>El objetivo de esta asignatura es lograr que el alumnado sea capaz de comunicarse en franc\u00e9s, a nivel escrito y sobre todo a nivel oral, teniendo en consideraci\u00f3n la importancia de los idiomas a la hora de buscar un empleo, viajar, realizar estudios, pr\u00e1cticas e incluso trabajar en el extranjero, \u2026 Adem\u00e1s, vivimos muy cerca [&hellip;]<!-- AddThis Advanced Settings generic via filter on get_the_excerpt --><!-- AddThis Share Buttons generic via filter on get_the_excerpt --><\/p>\n","protected":false},"author":1,"featured_media":0,"parent":0,"menu_order":0,"comment_status":"closed","ping_status":"closed","template":"","meta":{"_genesis_hide_title":false,"_genesis_hide_breadcrumbs":false,"_genesis_hide_singular_image":false,"_genesis_hide_footer_widgets":false,"_genesis_custom_body_class":"","_genesis_custom_post_class":"","_genesis_layout":""},"_links":{"self":[{"href":"https:\/\/mendaur.educacion.navarra.es\/web\/es\/wp-json\/wp\/v2\/pages\/746"}],"collection":[{"href":"https:\/\/mendaur.educacion.navarra.es\/web\/es\/wp-json\/wp\/v2\/pages"}],"about":[{"href":"https:\/\/mendaur.educacion.navarra.es\/web\/es\/wp-json\/wp\/v2\/types\/page"}],"author":[{"embeddable":true,"href":"https:\/\/mendaur.educacion.navarra.es\/web\/es\/wp-json\/wp\/v2\/users\/1"}],"replies":[{"embeddable":true,"href":"https:\/\/mendaur.educacion.navarra.es\/web\/es\/wp-json\/wp\/v2\/comments?post=746"}],"version-history":[{"count":3,"href":"https:\/\/mendaur.educacion.navarra.es\/web\/es\/wp-json\/wp\/v2\/pages\/746\/revisions"}],"predecessor-version":[{"id":3855,"href":"https:\/\/mendaur.educacion.navarra.es\/web\/es\/wp-json\/wp\/v2\/pages\/746\/revisions\/3855"}],"wp:attachment":[{"href":"https:\/\/mendaur.educacion.navarra.es\/web\/es\/wp-json\/wp\/v2\/media?parent=746"}],"curies":[{"name":"wp","href":"https:\/\/api.w.org\/{rel}","templated":true}]}}