{"id":750,"date":"2016-09-07T13:00:39","date_gmt":"2016-09-07T11:00:39","guid":{"rendered":"http:\/\/mendaur.educacion.navarra.es\/web\/es\/?page_id=750"},"modified":"2016-09-07T13:00:56","modified_gmt":"2016-09-07T11:00:56","slug":"religion","status":"publish","type":"page","link":"https:\/\/mendaur.educacion.navarra.es\/web\/es\/religion\/","title":{"rendered":"Religi\u00f3n cat\u00f3lica"},"content":{"rendered":"<p class=\"western\" align=\"justify\"><span style=\"font-size: small;\"><span style=\"font-size: medium;\">En nuestra asignatura profundizaremos en el mensaje de <\/span><span style=\"font-size: medium;\">Jesucristo<\/span><span style=\"font-size: medium;\"> y desde \u00e9l conoceremos y valoraremos el hecho religioso. <\/span><\/span><\/p>\n<p class=\"western\" align=\"justify\"><span style=\"font-size: small;\"><span style=\"font-size: medium;\">Siempre acudiremos a la lectura de los <\/span><span style=\"font-size: medium;\">textos originales<\/span><span style=\"font-size: medium;\">: Antiguo y Nuevo testamento. Conoceremos y analizaremos tambi\u00e9n la historia de las <\/span><span style=\"font-size: medium;\">grandes religiones <\/span><span style=\"font-size: medium;\">mundiales.<\/span><\/span><\/p>\n<p class=\"western\" align=\"justify\"><span style=\"font-size: small;\"><span style=\"font-size: medium;\">Trabajaremos la <\/span><span style=\"font-size: medium;\">\u00e9tica cristiana<\/span><span style=\"font-size: medium;\"> para una construcci\u00f3n de un mundo m\u00e1s humano. El valor de la <\/span><span style=\"font-size: medium;\">persona<\/span><span style=\"font-size: medium;\"> es fundamental.<\/span><\/span><\/p>\n<p class=\"western\" align=\"justify\"><span style=\"font-size: small;\"><span style=\"font-size: medium;\">Estudiaremos la <\/span><span style=\"font-size: medium;\">cultura cristiana<\/span><span style=\"font-size: medium;\">, ritos y tradiciones de nuestro entorno aprovechando el rico y variado legado cultural que <\/span><span style=\"font-size: medium;\">Navarra<\/span><span style=\"font-size: medium;\"> posee.<\/span><\/span><\/p>\n<p class=\"western\" align=\"justify\"><span style=\"font-size: medium;\">Trabajaremos con las explicaciones en clase y la lectura comprensiva de textos de todo tipo; la elaboraci\u00f3n de investigaciones, di\u00e1logos y trabajos escritos; b\u00fasqueda de informaci\u00f3n en la web; an\u00e1lisis de obras del cine; salidas para conocer la historia y el medio, etc.<\/span><\/p>\n<!-- AddThis Advanced Settings generic via filter on the_content --><!-- AddThis Share Buttons generic via filter on the_content -->","protected":false},"excerpt":{"rendered":"<p>En nuestra asignatura profundizaremos en el mensaje de Jesucristo y desde \u00e9l conoceremos y valoraremos el hecho religioso. Siempre acudiremos a la lectura de los textos originales: Antiguo y Nuevo testamento. Conoceremos y analizaremos tambi\u00e9n la historia de las grandes religiones mundiales. Trabajaremos la \u00e9tica cristiana para una construcci\u00f3n de un mundo m\u00e1s humano. El [&hellip;]<!-- AddThis Advanced Settings generic via filter on get_the_excerpt --><!-- AddThis Share Buttons generic via filter on get_the_excerpt --><\/p>\n","protected":false},"author":1,"featured_media":0,"parent":0,"menu_order":0,"comment_status":"closed","ping_status":"closed","template":"","meta":{"_genesis_hide_title":false,"_genesis_hide_breadcrumbs":false,"_genesis_hide_singular_image":false,"_genesis_hide_footer_widgets":false,"_genesis_custom_body_class":"","_genesis_custom_post_class":"","_genesis_layout":""},"_links":{"self":[{"href":"https:\/\/mendaur.educacion.navarra.es\/web\/es\/wp-json\/wp\/v2\/pages\/750"}],"collection":[{"href":"https:\/\/mendaur.educacion.navarra.es\/web\/es\/wp-json\/wp\/v2\/pages"}],"about":[{"href":"https:\/\/mendaur.educacion.navarra.es\/web\/es\/wp-json\/wp\/v2\/types\/page"}],"author":[{"embeddable":true,"href":"https:\/\/mendaur.educacion.navarra.es\/web\/es\/wp-json\/wp\/v2\/users\/1"}],"replies":[{"embeddable":true,"href":"https:\/\/mendaur.educacion.navarra.es\/web\/es\/wp-json\/wp\/v2\/comments?post=750"}],"version-history":[{"count":2,"href":"https:\/\/mendaur.educacion.navarra.es\/web\/es\/wp-json\/wp\/v2\/pages\/750\/revisions"}],"predecessor-version":[{"id":752,"href":"https:\/\/mendaur.educacion.navarra.es\/web\/es\/wp-json\/wp\/v2\/pages\/750\/revisions\/752"}],"wp:attachment":[{"href":"https:\/\/mendaur.educacion.navarra.es\/web\/es\/wp-json\/wp\/v2\/media?parent=750"}],"curies":[{"name":"wp","href":"https:\/\/api.w.org\/{rel}","templated":true}]}}