{"id":757,"date":"2016-09-07T13:06:15","date_gmt":"2016-09-07T11:06:15","guid":{"rendered":"http:\/\/mendaur.educacion.navarra.es\/web\/es\/?page_id=757"},"modified":"2016-09-07T13:10:53","modified_gmt":"2016-09-07T11:10:53","slug":"cultura-clasica","status":"publish","type":"page","link":"https:\/\/mendaur.educacion.navarra.es\/web\/es\/cultura-clasica\/","title":{"rendered":"Cultura Cl\u00e1sica"},"content":{"rendered":"<p align=\"justify\">La Cultura Cl\u00e1sica pretende dotar al alumnado de un conocimiento suficiente de lo que ha sido la contribuci\u00f3n del mundo cl\u00e1sico a la civilizaci\u00f3n occidental en los \u00e1mbitos literario, art\u00edstico, filos\u00f3fico, cient\u00edfico, ling\u00fc\u00edstico, etc., para que puedan comprender mejor su propio mundo. Estos son los apartados que estudiaremos:<\/p>\n<p align=\"justify\">Mitolog\u00eda: dioses y diosas de la mitolog\u00eda greco-latina, relatos mitol\u00f3gicos y su significado, compar\u00e1ndolos cuando sea posible con mitos del entorno.<\/p>\n<p align=\"justify\">Lengua: origen de palabras castellanas, su evoluci\u00f3n, presencia de la lengua griega (principalmente en la terminolog\u00eda cient\u00edfica) e influencia del lat\u00edn en el euskara.<\/p>\n<p class=\"western\" align=\"left\">Civilizaci\u00f3n: vida cotidiana de griegos y romanos, costumbres, religi\u00f3n&#8230; y algo de Historia.<\/p>\n<!-- AddThis Advanced Settings generic via filter on the_content --><!-- AddThis Share Buttons generic via filter on the_content -->","protected":false},"excerpt":{"rendered":"<p>La Cultura Cl\u00e1sica pretende dotar al alumnado de un conocimiento suficiente de lo que ha sido la contribuci\u00f3n del mundo cl\u00e1sico a la civilizaci\u00f3n occidental en los \u00e1mbitos literario, art\u00edstico, filos\u00f3fico, cient\u00edfico, ling\u00fc\u00edstico, etc., para que puedan comprender mejor su propio mundo. Estos son los apartados que estudiaremos: Mitolog\u00eda: dioses y diosas de la mitolog\u00eda [&hellip;]<!-- AddThis Advanced Settings generic via filter on get_the_excerpt --><!-- AddThis Share Buttons generic via filter on get_the_excerpt --><\/p>\n","protected":false},"author":1,"featured_media":0,"parent":0,"menu_order":0,"comment_status":"closed","ping_status":"closed","template":"","meta":{"_genesis_hide_title":false,"_genesis_hide_breadcrumbs":false,"_genesis_hide_singular_image":false,"_genesis_hide_footer_widgets":false,"_genesis_custom_body_class":"","_genesis_custom_post_class":"","_genesis_layout":""},"_links":{"self":[{"href":"https:\/\/mendaur.educacion.navarra.es\/web\/es\/wp-json\/wp\/v2\/pages\/757"}],"collection":[{"href":"https:\/\/mendaur.educacion.navarra.es\/web\/es\/wp-json\/wp\/v2\/pages"}],"about":[{"href":"https:\/\/mendaur.educacion.navarra.es\/web\/es\/wp-json\/wp\/v2\/types\/page"}],"author":[{"embeddable":true,"href":"https:\/\/mendaur.educacion.navarra.es\/web\/es\/wp-json\/wp\/v2\/users\/1"}],"replies":[{"embeddable":true,"href":"https:\/\/mendaur.educacion.navarra.es\/web\/es\/wp-json\/wp\/v2\/comments?post=757"}],"version-history":[{"count":4,"href":"https:\/\/mendaur.educacion.navarra.es\/web\/es\/wp-json\/wp\/v2\/pages\/757\/revisions"}],"predecessor-version":[{"id":761,"href":"https:\/\/mendaur.educacion.navarra.es\/web\/es\/wp-json\/wp\/v2\/pages\/757\/revisions\/761"}],"wp:attachment":[{"href":"https:\/\/mendaur.educacion.navarra.es\/web\/es\/wp-json\/wp\/v2\/media?parent=757"}],"curies":[{"name":"wp","href":"https:\/\/api.w.org\/{rel}","templated":true}]}}