{"id":766,"date":"2016-09-07T13:21:18","date_gmt":"2016-09-07T11:21:18","guid":{"rendered":"http:\/\/mendaur.educacion.navarra.es\/web\/es\/?page_id=766"},"modified":"2020-11-06T14:24:30","modified_gmt":"2020-11-06T13:24:30","slug":"robotica","status":"publish","type":"page","link":"https:\/\/mendaur.educacion.navarra.es\/web\/es\/robotica\/","title":{"rendered":"Rob\u00f3tica"},"content":{"rendered":"<p lang=\"es-ES\" align=\"justify\">Es una Tecnolog\u00eda general; por eso, se estudian los fundamentos b\u00e1sicos de la tecnolog\u00eda. Los contenidos de este curso son:<\/p>\n<ul>\n<li>\n<p lang=\"es-ES\" align=\"justify\">La construcci\u00f3n de maquetas.<\/p>\n<\/li>\n<li>\n<p lang=\"es-ES\" align=\"justify\">Circuitos de electr\u00f3nica I .Nivel b\u00e1sico.<\/p>\n<\/li>\n<li>\n<p align=\"justify\"><span lang=\"es-ES\">Dibujo t\u00e9cnico (vistas y perspectiva),<\/span><\/p>\n<\/li>\n<li>\n<p lang=\"es-ES\" align=\"justify\">Las estructuras y las rampas<\/p>\n<\/li>\n<li>\n<p align=\"justify\"><span lang=\"es-ES\">La energ\u00eda. <\/span><\/p>\n<\/li>\n<\/ul>\n<p lang=\"es-ES\" align=\"justify\">Es una asignatura te\u00f3rica y pr\u00e1ctica; mas o menos el 35 % es teor\u00eda. Tenemos un aula especial para la Tecnolog\u00eda.<\/p>\n<p lang=\"es-ES\" align=\"justify\">La habilidad no es fundamental, cualquier alumno puede realizar los proyectos.<\/p>\n<p lang=\"es-ES\" align=\"justify\"><a href=\"https:\/\/docs.google.com\/document\/d\/1Q4Qle4wwS8nQqnfcZd7eaxYn7ThGOFfPFsWuJceKVhg\/edit?usp=sharing\" target=\"_blank\" rel=\"noopener noreferrer\">RESUMEN DE LA PROGRAMACI\u00d3N<\/a><\/p>\n<!-- AddThis Advanced Settings generic via filter on the_content --><!-- AddThis Share Buttons generic via filter on the_content -->","protected":false},"excerpt":{"rendered":"<p>Es una Tecnolog\u00eda general; por eso, se estudian los fundamentos b\u00e1sicos de la tecnolog\u00eda. Los contenidos de este curso son: La construcci\u00f3n de maquetas. Circuitos de electr\u00f3nica I .Nivel b\u00e1sico. Dibujo t\u00e9cnico (vistas y perspectiva), Las estructuras y las rampas La energ\u00eda. Es una asignatura te\u00f3rica y pr\u00e1ctica; mas o menos el 35 % es [&hellip;]<!-- AddThis Advanced Settings generic via filter on get_the_excerpt --><!-- AddThis Share Buttons generic via filter on get_the_excerpt --><\/p>\n","protected":false},"author":1,"featured_media":0,"parent":0,"menu_order":0,"comment_status":"closed","ping_status":"closed","template":"","meta":{"_genesis_hide_title":false,"_genesis_hide_breadcrumbs":false,"_genesis_hide_singular_image":false,"_genesis_hide_footer_widgets":false,"_genesis_custom_body_class":"","_genesis_custom_post_class":"","_genesis_layout":""},"_links":{"self":[{"href":"https:\/\/mendaur.educacion.navarra.es\/web\/es\/wp-json\/wp\/v2\/pages\/766"}],"collection":[{"href":"https:\/\/mendaur.educacion.navarra.es\/web\/es\/wp-json\/wp\/v2\/pages"}],"about":[{"href":"https:\/\/mendaur.educacion.navarra.es\/web\/es\/wp-json\/wp\/v2\/types\/page"}],"author":[{"embeddable":true,"href":"https:\/\/mendaur.educacion.navarra.es\/web\/es\/wp-json\/wp\/v2\/users\/1"}],"replies":[{"embeddable":true,"href":"https:\/\/mendaur.educacion.navarra.es\/web\/es\/wp-json\/wp\/v2\/comments?post=766"}],"version-history":[{"count":2,"href":"https:\/\/mendaur.educacion.navarra.es\/web\/es\/wp-json\/wp\/v2\/pages\/766\/revisions"}],"predecessor-version":[{"id":3837,"href":"https:\/\/mendaur.educacion.navarra.es\/web\/es\/wp-json\/wp\/v2\/pages\/766\/revisions\/3837"}],"wp:attachment":[{"href":"https:\/\/mendaur.educacion.navarra.es\/web\/es\/wp-json\/wp\/v2\/media?parent=766"}],"curies":[{"name":"wp","href":"https:\/\/api.w.org\/{rel}","templated":true}]}}