{"id":775,"date":"2016-09-07T13:27:49","date_gmt":"2016-09-07T11:27:49","guid":{"rendered":"http:\/\/mendaur.educacion.navarra.es\/web\/es\/?page_id=775"},"modified":"2020-12-11T11:42:30","modified_gmt":"2020-12-11T10:42:30","slug":"matematicas-academicas","status":"publish","type":"page","link":"https:\/\/mendaur.educacion.navarra.es\/web\/es\/matematicas-academicas\/","title":{"rendered":"Matem\u00e1ticas acad\u00e9micas"},"content":{"rendered":"<p lang=\"es-ES\"><span lang=\"es-ES\">El alumnado que curse esta asignatura progresar\u00e1 en la adquisici\u00f3n de algunas habilidades de pensamiento matem\u00e1tico, como la capacidad de analizar, interpretar y comunicar aspectos matem\u00e1ticos en contextos reales y acad\u00e9micos.<\/span><\/p>\n<p align=\"justify\">Se exigir\u00e1 un cierto nivel de formalismo y abstracci\u00f3n con el objetivo de poder continuar estudios acad\u00e9micos. Adem\u00e1s se le dar\u00e1 especial importancia a los procesos de investigaci\u00f3n matem\u00e1tica y resoluci\u00f3n de problemas. As\u00ed mismo se trabajar\u00e1n aspectos relacionados con la valoraci\u00f3n del conocimiento matem\u00e1tico en el enriquecimiento personal y progreso de la humanidad.<\/p>\n<p align=\"justify\">Teniendo esto en cuenta, \u00e9sta asignatura deber\u00edan elegir aquellos alumnos y alumnas que no han tenido especial dificultad con las matem\u00e1ticas y aquellos que quieran proseguir estudios de Bachillerato.<\/p>\n<p align=\"justify\"><a href=\"https:\/\/docs.google.com\/document\/d\/1RS363MvfIyqhalZ4d4If9nVQeS3b5sP0FAbwDUyMDOU\/edit?usp=sharing\" target=\"_blank\" rel=\"noopener noreferrer\">3.\u00ba ESO (Miriam)<\/a><\/p>\n<p align=\"justify\"><a href=\"https:\/\/docs.google.com\/document\/d\/1HxrMtOqSe0GT3vCc4tzlS1xk-COQz7UeLhiSVaUrWv4\/edit?usp=sharing\" target=\"_blank\" rel=\"noopener noreferrer\">3.\u00ba ESO (Aitziber)<\/a><\/p>\n<p align=\"justify\"><a href=\"https:\/\/docs.google.com\/document\/d\/1fVH-jCPaGOaQcxmjbskDSKI8SR3aN3qiDDqCljL-6Ws\/edit?usp=sharing\" target=\"_blank\" rel=\"noopener noreferrer\">4.\u00ba ESO<\/a><\/p>\n<p align=\"justify\">\n<!-- AddThis Advanced Settings generic via filter on the_content --><!-- AddThis Share Buttons generic via filter on the_content -->","protected":false},"excerpt":{"rendered":"<p>El alumnado que curse esta asignatura progresar\u00e1 en la adquisici\u00f3n de algunas habilidades de pensamiento matem\u00e1tico, como la capacidad de analizar, interpretar y comunicar aspectos matem\u00e1ticos en contextos reales y acad\u00e9micos. Se exigir\u00e1 un cierto nivel de formalismo y abstracci\u00f3n con el objetivo de poder continuar estudios acad\u00e9micos. Adem\u00e1s se le dar\u00e1 especial importancia a [&hellip;]<!-- AddThis Advanced Settings generic via filter on get_the_excerpt --><!-- AddThis Share Buttons generic via filter on get_the_excerpt --><\/p>\n","protected":false},"author":1,"featured_media":0,"parent":0,"menu_order":0,"comment_status":"closed","ping_status":"closed","template":"","meta":{"_genesis_hide_title":false,"_genesis_hide_breadcrumbs":false,"_genesis_hide_singular_image":false,"_genesis_hide_footer_widgets":false,"_genesis_custom_body_class":"","_genesis_custom_post_class":"","_genesis_layout":""},"_links":{"self":[{"href":"https:\/\/mendaur.educacion.navarra.es\/web\/es\/wp-json\/wp\/v2\/pages\/775"}],"collection":[{"href":"https:\/\/mendaur.educacion.navarra.es\/web\/es\/wp-json\/wp\/v2\/pages"}],"about":[{"href":"https:\/\/mendaur.educacion.navarra.es\/web\/es\/wp-json\/wp\/v2\/types\/page"}],"author":[{"embeddable":true,"href":"https:\/\/mendaur.educacion.navarra.es\/web\/es\/wp-json\/wp\/v2\/users\/1"}],"replies":[{"embeddable":true,"href":"https:\/\/mendaur.educacion.navarra.es\/web\/es\/wp-json\/wp\/v2\/comments?post=775"}],"version-history":[{"count":3,"href":"https:\/\/mendaur.educacion.navarra.es\/web\/es\/wp-json\/wp\/v2\/pages\/775\/revisions"}],"predecessor-version":[{"id":3892,"href":"https:\/\/mendaur.educacion.navarra.es\/web\/es\/wp-json\/wp\/v2\/pages\/775\/revisions\/3892"}],"wp:attachment":[{"href":"https:\/\/mendaur.educacion.navarra.es\/web\/es\/wp-json\/wp\/v2\/media?parent=775"}],"curies":[{"name":"wp","href":"https:\/\/api.w.org\/{rel}","templated":true}]}}