{"id":791,"date":"2016-09-07T13:40:09","date_gmt":"2016-09-07T11:40:09","guid":{"rendered":"http:\/\/mendaur.educacion.navarra.es\/web\/es\/?page_id=791"},"modified":"2020-12-10T10:15:12","modified_gmt":"2020-12-10T09:15:12","slug":"fisica-quimica","status":"publish","type":"page","link":"https:\/\/mendaur.educacion.navarra.es\/web\/es\/fisica-quimica\/","title":{"rendered":"F\u00edsica-Qu\u00edmica"},"content":{"rendered":"<p align=\"justify\">Los objetivos de esta asignatura son, por un lado, que los alumnos manejen la metodolog\u00eda propia del trabajo de laboratorio y, por otra, ofrecerles criterios cient\u00edficos b\u00e1sicos que son necesarios para entender fen\u00f3menos cotidianos relacionados con la Ciencia y con el Medio Ambiente.<\/p>\n<p align=\"justify\">Para lograr esos objetivos se realizar\u00e1n pr\u00e1cticas en el laboratorio y en el aula de inform\u00e1tica. Los conocimientos te\u00f3ricos necesarios se conseguir\u00e1n mediante el trabajo diario en el aula.<\/p>\n<p align=\"justify\">La asignatura se divide en dos partes: F\u00edsica por un lado y Qu\u00edmica por otro.<\/p>\n<p lang=\"eu\" align=\"justify\">Se exigir\u00e1 un cierto nivel de formalismo y abstracci\u00f3n. Adem\u00e1s se incorporan muchos conceptos nuevos, por lo que el alumno deber\u00e1 dedicar a la asignatura m\u00e1s tiempo y trabajo para utilizar t\u00e9cnicas de trabajo y m\u00e9todos nuevos o para mejorar los utilizados hasta el momento.<\/p>\n<h5 lang=\"eu\" align=\"justify\"><strong>RESUMEN DE LA PROGRAMACI\u00d3N<\/strong><\/h5>\n<p><a href=\"https:\/\/docs.google.com\/document\/d\/1TnFR_Zn7FOnH7UA_Z_kOI-J9o28XJpj24qzK20a90ss\/edit?usp=sharing\" target=\"_blank\" rel=\"noopener noreferrer\">2.\u00ba ESO<\/a><\/p>\n<p><a href=\"https:\/\/docs.google.com\/document\/d\/17gpHU24pGOMC2L8Sug6liwo1XMIX4nrSjadu_f996WU\/edit?usp=sharing\" target=\"_blank\" rel=\"noopener noreferrer\">3.\u00ba ESO<\/a><\/p>\n<p><a href=\"https:\/\/docs.google.com\/document\/d\/1ftH8DPQx82QJX2TOuzfFZDiZKhDa6vNchl2nSrBItWM\/edit?usp=sharing\" target=\"_blank\" rel=\"noopener noreferrer\">4.\u00ba ESO<\/a><\/p>\n<!-- AddThis Advanced Settings generic via filter on the_content --><!-- AddThis Share Buttons generic via filter on the_content -->","protected":false},"excerpt":{"rendered":"<p>Los objetivos de esta asignatura son, por un lado, que los alumnos manejen la metodolog\u00eda propia del trabajo de laboratorio y, por otra, ofrecerles criterios cient\u00edficos b\u00e1sicos que son necesarios para entender fen\u00f3menos cotidianos relacionados con la Ciencia y con el Medio Ambiente. Para lograr esos objetivos se realizar\u00e1n pr\u00e1cticas en el laboratorio y en [&hellip;]<!-- AddThis Advanced Settings generic via filter on get_the_excerpt --><!-- AddThis Share Buttons generic via filter on get_the_excerpt --><\/p>\n","protected":false},"author":1,"featured_media":0,"parent":0,"menu_order":0,"comment_status":"closed","ping_status":"closed","template":"","meta":{"_genesis_hide_title":false,"_genesis_hide_breadcrumbs":false,"_genesis_hide_singular_image":false,"_genesis_hide_footer_widgets":false,"_genesis_custom_body_class":"","_genesis_custom_post_class":"","_genesis_layout":""},"_links":{"self":[{"href":"https:\/\/mendaur.educacion.navarra.es\/web\/es\/wp-json\/wp\/v2\/pages\/791"}],"collection":[{"href":"https:\/\/mendaur.educacion.navarra.es\/web\/es\/wp-json\/wp\/v2\/pages"}],"about":[{"href":"https:\/\/mendaur.educacion.navarra.es\/web\/es\/wp-json\/wp\/v2\/types\/page"}],"author":[{"embeddable":true,"href":"https:\/\/mendaur.educacion.navarra.es\/web\/es\/wp-json\/wp\/v2\/users\/1"}],"replies":[{"embeddable":true,"href":"https:\/\/mendaur.educacion.navarra.es\/web\/es\/wp-json\/wp\/v2\/comments?post=791"}],"version-history":[{"count":3,"href":"https:\/\/mendaur.educacion.navarra.es\/web\/es\/wp-json\/wp\/v2\/pages\/791\/revisions"}],"predecessor-version":[{"id":3883,"href":"https:\/\/mendaur.educacion.navarra.es\/web\/es\/wp-json\/wp\/v2\/pages\/791\/revisions\/3883"}],"wp:attachment":[{"href":"https:\/\/mendaur.educacion.navarra.es\/web\/es\/wp-json\/wp\/v2\/media?parent=791"}],"curies":[{"name":"wp","href":"https:\/\/api.w.org\/{rel}","templated":true}]}}