{"id":799,"date":"2016-09-07T13:46:58","date_gmt":"2016-09-07T11:46:58","guid":{"rendered":"http:\/\/mendaur.educacion.navarra.es\/web\/es\/?page_id=799"},"modified":"2020-11-09T13:31:03","modified_gmt":"2020-11-09T12:31:03","slug":"tecnologia","status":"publish","type":"page","link":"https:\/\/mendaur.educacion.navarra.es\/web\/es\/tecnologia\/","title":{"rendered":"Tecnolog\u00eda"},"content":{"rendered":"<p align=\"justify\">Es una tecnolog\u00eda general: por eso se estudian los fundamentos b\u00e1sicos de la Tecnolog\u00eda. Por ejemplo mec\u00e1nica, electricidad, electr\u00f3nica, rob\u00f3tica, dibujo t\u00e9cnico y proyectos. Para esto hay un aula especial.<\/p>\n<p align=\"justify\">Esta asignatura tiene como tronco principal y \u201cproyecto\u201d. La maqueta de un automatismo, maquina simple controlado sus movimientos y tares. Tambi\u00e9n sirve para la introducci\u00f3n a la rob\u00f3tica.<\/p>\n<p lang=\"eu\" align=\"justify\"><a href=\"https:\/\/docs.google.com\/document\/d\/1bAYfOMT9VjpCi3l2sFqUouF5AAjulwQsdNbH0qf83No\/edit?usp=sharing\">1.\u00ba ESO<\/a><\/p>\n<p lang=\"eu\" align=\"justify\"><a href=\"https:\/\/docs.google.com\/document\/d\/1eMRZ62v5zxPmjRqv-CXGyz9d0YwXkeUjTLpWrRI3HGk\/edit?usp=sharing\">2.\u00ba ESO<\/a><\/p>\n<p lang=\"eu\" align=\"justify\"><a href=\"https:\/\/docs.google.com\/document\/d\/1javttkH1nh5z4Zha26vXGNDOfB0LeFatTAmlAK3jzUI\/edit?usp=sharing\">4.\u00ba ESO<\/a><\/p>\n<!-- AddThis Advanced Settings generic via filter on the_content --><!-- AddThis Share Buttons generic via filter on the_content -->","protected":false},"excerpt":{"rendered":"<p>Es una tecnolog\u00eda general: por eso se estudian los fundamentos b\u00e1sicos de la Tecnolog\u00eda. Por ejemplo mec\u00e1nica, electricidad, electr\u00f3nica, rob\u00f3tica, dibujo t\u00e9cnico y proyectos. Para esto hay un aula especial. Esta asignatura tiene como tronco principal y \u201cproyecto\u201d. La maqueta de un automatismo, maquina simple controlado sus movimientos y tares. Tambi\u00e9n sirve para la introducci\u00f3n [&hellip;]<!-- AddThis Advanced Settings generic via filter on get_the_excerpt --><!-- AddThis Share Buttons generic via filter on get_the_excerpt --><\/p>\n","protected":false},"author":1,"featured_media":0,"parent":0,"menu_order":0,"comment_status":"closed","ping_status":"closed","template":"","meta":{"_genesis_hide_title":false,"_genesis_hide_breadcrumbs":false,"_genesis_hide_singular_image":false,"_genesis_hide_footer_widgets":false,"_genesis_custom_body_class":"","_genesis_custom_post_class":"","_genesis_layout":""},"_links":{"self":[{"href":"https:\/\/mendaur.educacion.navarra.es\/web\/es\/wp-json\/wp\/v2\/pages\/799"}],"collection":[{"href":"https:\/\/mendaur.educacion.navarra.es\/web\/es\/wp-json\/wp\/v2\/pages"}],"about":[{"href":"https:\/\/mendaur.educacion.navarra.es\/web\/es\/wp-json\/wp\/v2\/types\/page"}],"author":[{"embeddable":true,"href":"https:\/\/mendaur.educacion.navarra.es\/web\/es\/wp-json\/wp\/v2\/users\/1"}],"replies":[{"embeddable":true,"href":"https:\/\/mendaur.educacion.navarra.es\/web\/es\/wp-json\/wp\/v2\/comments?post=799"}],"version-history":[{"count":2,"href":"https:\/\/mendaur.educacion.navarra.es\/web\/es\/wp-json\/wp\/v2\/pages\/799\/revisions"}],"predecessor-version":[{"id":3844,"href":"https:\/\/mendaur.educacion.navarra.es\/web\/es\/wp-json\/wp\/v2\/pages\/799\/revisions\/3844"}],"wp:attachment":[{"href":"https:\/\/mendaur.educacion.navarra.es\/web\/es\/wp-json\/wp\/v2\/media?parent=799"}],"curies":[{"name":"wp","href":"https:\/\/api.w.org\/{rel}","templated":true}]}}