{"id":805,"date":"2016-09-08T10:05:03","date_gmt":"2016-09-08T08:05:03","guid":{"rendered":"http:\/\/mendaur.educacion.navarra.es\/web\/es\/?page_id=805"},"modified":"2020-11-09T13:49:50","modified_gmt":"2020-11-09T12:49:50","slug":"musica","status":"publish","type":"page","link":"https:\/\/mendaur.educacion.navarra.es\/web\/es\/musica\/","title":{"rendered":"M\u00fasica"},"content":{"rendered":"<p>En nuestra materia, adem\u00e1s de lo programado para cada curso, hemos de tener en cuenta el proyecto que nuestro departamento ha llevado a cabo estos \u00faltimos a\u00f1os, junto con los institutos de Doneztebe, Leitza y Lekarotz . Nos referimos a los conciertos que se han desarrollado junto con los citados institutos. Este a\u00f1o se van a llevar tambi\u00e9n a cabo, y si el proyecto se mantiene los pr\u00f3ximos a\u00f1os, los alumnos\/as que escojan nuestra materia podr\u00e1n participar en los mismos. Si el grupo mayoritariamente est\u00e1 dispuesto a participar en los mismos, prepararemos el repertorio, tal como lo har\u00e1n el resto de cursos, sin que ello suponga dejar a un lado la programaci\u00f3n que aqu\u00ed se oferta para los diferentes cursos.<\/p>\n<p>La base de nuestro trabajo se centrar\u00e1 en el an\u00e1lisis de las relaciones existentes entre la m\u00fasica y otros medios de expresi\u00f3n y la uni\u00f3n de esos diferentes medios de expresi\u00f3n: m\u00fasica e imagen, m\u00fasica y textos\u2026Finalmente, el trabajo creativo tendr\u00e1 su lugar en esta optativa porque ofreceremos a los alumnos los conocimientos y medio para componer sus propias canciones.<\/p>\n<p><a href=\"https:\/\/docs.google.com\/document\/d\/1QgGU2N1iXQariSb5h99Km9rhXCQ2cP3czx-9Hptk9-I\/edit?usp=sharing\" target=\"_blank\" rel=\"noopener noreferrer\">1.\u00ba ESO<\/a><\/p>\n<p><a href=\"https:\/\/docs.google.com\/document\/d\/10xZ6tMBcSx3uQ2l5kigyiWda8eTNR4oVghdZS9Zzie8\/edit?usp=sharing\" target=\"_blank\" rel=\"noopener noreferrer\">3.\u00ba ESO<\/a><\/p>\n<p><a href=\"https:\/\/docs.google.com\/document\/d\/1I81SnQgP22Lt1bAew3sn1OkPL5KIqlr8HBeEjK4f_-A\/edit?usp=sharing\" target=\"_blank\" rel=\"noopener noreferrer\">4.\u00ba ESO<\/a><\/p>\n\n\n<p><\/p>\n<!-- AddThis Advanced Settings generic via filter on the_content --><!-- AddThis Share Buttons generic via filter on the_content -->","protected":false},"excerpt":{"rendered":"<p>En nuestra materia, adem\u00e1s de lo programado para cada curso, hemos de tener en cuenta el proyecto que nuestro departamento ha llevado a cabo estos \u00faltimos a\u00f1os, junto con los institutos de Doneztebe, Leitza y Lekarotz . Nos referimos a los conciertos que se han desarrollado junto con los citados institutos. Este a\u00f1o se van [&hellip;]<!-- AddThis Advanced Settings generic via filter on get_the_excerpt --><!-- AddThis Share Buttons generic via filter on get_the_excerpt --><\/p>\n","protected":false},"author":1,"featured_media":0,"parent":0,"menu_order":0,"comment_status":"closed","ping_status":"closed","template":"","meta":{"_genesis_hide_title":false,"_genesis_hide_breadcrumbs":false,"_genesis_hide_singular_image":false,"_genesis_hide_footer_widgets":false,"_genesis_custom_body_class":"","_genesis_custom_post_class":"","_genesis_layout":""},"_links":{"self":[{"href":"https:\/\/mendaur.educacion.navarra.es\/web\/es\/wp-json\/wp\/v2\/pages\/805"}],"collection":[{"href":"https:\/\/mendaur.educacion.navarra.es\/web\/es\/wp-json\/wp\/v2\/pages"}],"about":[{"href":"https:\/\/mendaur.educacion.navarra.es\/web\/es\/wp-json\/wp\/v2\/types\/page"}],"author":[{"embeddable":true,"href":"https:\/\/mendaur.educacion.navarra.es\/web\/es\/wp-json\/wp\/v2\/users\/1"}],"replies":[{"embeddable":true,"href":"https:\/\/mendaur.educacion.navarra.es\/web\/es\/wp-json\/wp\/v2\/comments?post=805"}],"version-history":[{"count":2,"href":"https:\/\/mendaur.educacion.navarra.es\/web\/es\/wp-json\/wp\/v2\/pages\/805\/revisions"}],"predecessor-version":[{"id":3848,"href":"https:\/\/mendaur.educacion.navarra.es\/web\/es\/wp-json\/wp\/v2\/pages\/805\/revisions\/3848"}],"wp:attachment":[{"href":"https:\/\/mendaur.educacion.navarra.es\/web\/es\/wp-json\/wp\/v2\/media?parent=805"}],"curies":[{"name":"wp","href":"https:\/\/api.w.org\/{rel}","templated":true}]}}