{"id":807,"date":"2016-09-08T10:06:29","date_gmt":"2016-09-08T08:06:29","guid":{"rendered":"http:\/\/mendaur.educacion.navarra.es\/web\/es\/?page_id=807"},"modified":"2020-12-09T14:02:05","modified_gmt":"2020-12-09T13:02:05","slug":"economia","status":"publish","type":"page","link":"https:\/\/mendaur.educacion.navarra.es\/web\/es\/economia\/","title":{"rendered":"Econom\u00eda"},"content":{"rendered":"<p>En nuestra sociedad cada vez m\u00e1s global las relaciones econ\u00f3micas son cada vez m\u00e1s complejas. En esta asignatura se trabaja el conocimiento de nuestro entorno desde una perspectiva micro y macroecon\u00f3micas junto con el acercamiento al mundo empresarial. Estos contenidos se repartir\u00e1n en tres bloques:<\/p>\n<ol>\n<li>La econom\u00eda y su influencia en la vida de los ciudadanos; modelos econ\u00f3micos; globalizaci\u00f3n econ\u00f3mica y sostenibilidad.<\/li>\n<li>La empresa y el empresario; proceso de producci\u00f3n e impuestos.<\/li>\n<li>Presupuestos; planificaci\u00f3n del futuro; el dinero y los bancos, y los contratos financieros<\/li>\n<\/ol>\n<p><strong>DOCUMENTO RESUMEN DE LA PROGRAMACI\u00d3N DID\u00c1CTICA<\/strong><\/p>\n<p><a href=\"https:\/\/docs.google.com\/document\/d\/1h7bO3b61TuhJQQmVJZCM7k1G-urVSqckdtGbE1_8H0M\/edit?usp=sharing\" target=\"_blank\" rel=\"noopener noreferrer\">4.\u00ba ESO<\/a><\/p>\n<!-- AddThis Advanced Settings generic via filter on the_content --><!-- AddThis Share Buttons generic via filter on the_content -->","protected":false},"excerpt":{"rendered":"<p>En nuestra sociedad cada vez m\u00e1s global las relaciones econ\u00f3micas son cada vez m\u00e1s complejas. En esta asignatura se trabaja el conocimiento de nuestro entorno desde una perspectiva micro y macroecon\u00f3micas junto con el acercamiento al mundo empresarial. Estos contenidos se repartir\u00e1n en tres bloques: La econom\u00eda y su influencia en la vida de los [&hellip;]<!-- AddThis Advanced Settings generic via filter on get_the_excerpt --><!-- AddThis Share Buttons generic via filter on get_the_excerpt --><\/p>\n","protected":false},"author":1,"featured_media":0,"parent":0,"menu_order":0,"comment_status":"closed","ping_status":"closed","template":"","meta":{"_genesis_hide_title":false,"_genesis_hide_breadcrumbs":false,"_genesis_hide_singular_image":false,"_genesis_hide_footer_widgets":false,"_genesis_custom_body_class":"","_genesis_custom_post_class":"","_genesis_layout":""},"_links":{"self":[{"href":"https:\/\/mendaur.educacion.navarra.es\/web\/es\/wp-json\/wp\/v2\/pages\/807"}],"collection":[{"href":"https:\/\/mendaur.educacion.navarra.es\/web\/es\/wp-json\/wp\/v2\/pages"}],"about":[{"href":"https:\/\/mendaur.educacion.navarra.es\/web\/es\/wp-json\/wp\/v2\/types\/page"}],"author":[{"embeddable":true,"href":"https:\/\/mendaur.educacion.navarra.es\/web\/es\/wp-json\/wp\/v2\/users\/1"}],"replies":[{"embeddable":true,"href":"https:\/\/mendaur.educacion.navarra.es\/web\/es\/wp-json\/wp\/v2\/comments?post=807"}],"version-history":[{"count":6,"href":"https:\/\/mendaur.educacion.navarra.es\/web\/es\/wp-json\/wp\/v2\/pages\/807\/revisions"}],"predecessor-version":[{"id":3876,"href":"https:\/\/mendaur.educacion.navarra.es\/web\/es\/wp-json\/wp\/v2\/pages\/807\/revisions\/3876"}],"wp:attachment":[{"href":"https:\/\/mendaur.educacion.navarra.es\/web\/es\/wp-json\/wp\/v2\/media?parent=807"}],"curies":[{"name":"wp","href":"https:\/\/api.w.org\/{rel}","templated":true}]}}